{"id":2,"date":"2021-10-30T18:03:33","date_gmt":"2021-10-30T17:03:33","guid":{"rendered":"https:\/\/dyvo.eu\/tutor-template-01\/?page_id=2"},"modified":"2022-08-02T13:48:58","modified_gmt":"2022-08-02T11:48:58","slug":"sample-page","status":"publish","type":"page","link":"https:\/\/dyvo.eu\/cev\/","title":{"rendered":"Organisation"},"content":{"rendered":"<div id=\"pl-2\"  class=\"panel-layout\" ><div id=\"pg-2-0\"  class=\"panel-grid panel-has-style\" ><div class=\"section-header panel-row-style panel-row-style-for-2-0\" ><div id=\"pgc-2-0-0\"  class=\"panel-grid-cell\" ><div id=\"panel-2-0-0-0\" class=\"so-panel widget widget_sow-editor panel-first-child panel-last-child\" data-index=\"0\" ><div\n\t\t\t\n\t\t\tclass=\"so-widget-sow-editor so-widget-sow-editor-base\"\n\t\t\t\n\t\t>\n<div class=\"siteorigin-widget-tinymce textwidget\">\n\t<p><img loading=\"lazy\" decoding=\"async\" class=\"alignnone\" src=\"https:\/\/dyvo.eu\/organisation-template-de\/wp-content\/uploads\/sites\/30\/map-pin-point.png\" alt=\"\" width=\"43\" height=\"57\" \/><br \/>\nCEV<br \/>\n<label><\/label>Avenue des Art 7\/8<br \/>\n<label><\/label>1020 <label><\/label>Brussels, Belgium<\/p>\n<p><a href=\"mailto:office@auxilium.co.at\"><img loading=\"lazy\" decoding=\"async\" class=\"wp-image-335 alignnone\" src=\"https:\/\/dyvo.eu\/organisation-template-de\/wp-content\/uploads\/sites\/30\/call-logs.png\" alt=\"\" width=\"44\" height=\"50\" \/><br \/>\n<\/a><a href=\"http:\/\/www.cev.be\" target=\"_blank\" rel=\"noopener\">http:\/\/www.cev.be<\/a><a href=\"mailto:office@auxilium.co.at\"><br \/>\n<\/a><a href=\"mailto:kristijan.gjorgjieski@cev.be\" target=\"_blank\" rel=\"noopener\">kristijan.gjorgjieski@cev.be<\/a><\/p>\n<\/div>\n<\/div><\/div><\/div><div id=\"pgc-2-0-1\"  class=\"panel-grid-cell\" ><div id=\"panel-2-0-1-0\" class=\"so-panel widget widget_sow-editor panel-first-child panel-last-child\" data-index=\"1\" ><div\n\t\t\t\n\t\t\tclass=\"so-widget-sow-editor so-widget-sow-editor-base\"\n\t\t\t\n\t\t>\n<div class=\"siteorigin-widget-tinymce textwidget\">\n\t<p><img loading=\"lazy\" decoding=\"async\" class=\"wp-image-336 alignnone\" src=\"https:\/\/dyvo.eu\/organisation-template-de\/wp-content\/uploads\/sites\/30\/group-chat.png\" alt=\"\" width=\"91\" height=\"70\" \/><br \/>\n<strong>TUTOR<br \/>\n<\/strong>Kristijan Gjorgjieski<br \/>\n<a href=\"mailto:kristijan.gjorgjieski@cev.be\" target=\"_blank\" rel=\"noopener\">kristijan.gjorgjieski@cev.be<\/a><\/p>\n<\/div>\n<\/div><\/div><\/div><\/div><\/div><div id=\"pg-2-1\"  class=\"panel-grid panel-no-style\" ><div id=\"pgc-2-1-0\"  class=\"panel-grid-cell\" ><div id=\"panel-2-1-0-0\" class=\"so-panel widget widget_sow-editor panel-first-child panel-last-child\" data-index=\"2\" ><div\n\t\t\t\n\t\t\tclass=\"so-widget-sow-editor so-widget-sow-editor-base\"\n\t\t\t\n\t\t><h3 class=\"widget-title\">ABOUT US<\/h3>\n<div class=\"siteorigin-widget-tinymce textwidget\">\n\t<div>\n<div id=\"gmail-comp-k71qir2j\" class=\"gmail-_2Hij5\">\n<p class=\"gmail-font_8\">The Centre for European Volunteering (CEV) (until 1 July 2020 known as the European Volunteer Centre), established in 1992, is the European network of over 60 organisations dedicated to the promotion of, and support to, volunteers and volunteering in Europe at European, national or regional level.<\/p>\n<p class=\"gmail-font_8\">Through our network we aim to be the leading voice in the values-based volunteering debate in Europe, influencing and sharing the current trends &amp; challenges and those predicted for the future, \u00a0developing and providing policy advice and expertise for European Policymakers so that volunteering policies and programmes developed at European level are effective and fit for purpose. Network members are also supported to further their own objectives at national\/regional &amp; European level by the protection and support for a free and enabling civil society space, advocating for suitable European funding support, and by developing supportive policy statements at the European level on pertinent volunteering issues.\u00a0 In this way, reaching out to the many thousands of volunteers and volunteer organisations in Europe as a source of support in bringing the European dimension to their work.<\/p>\n<p class=\"gmail-font_8\">CEV channels the collective priorities and concerns of its member organisations to the institutions of the European Union and the Council of Europe.\u00a0Together with other stakeholders we exchange policy, practice and information in order to ensure effective and coherent follow up to European Year of Volunteering 2011 and ensure its legacy through the implementation of the Policy Agenda for Volunteering in Europe (PAVE) and the follow-up \u201cHelping Hands \u2013 Hope for Europe\u201d report.<\/p>\n<p class=\"gmail-font_8\">CEV\u2019s\u00a0vision\u00a0is a\u00a0Europe\u00a0in which\u00a0volunteers\u00a0are central in building a\u00a0cohesive,\u00a0sustainable\u00a0and\u00a0inclusive society\u00a0based on\u00a0solidarity\u00a0and\u00a0active citizenship.<\/p>\n<\/div>\n<\/div>\n<\/div>\n<\/div><\/div><\/div><div id=\"pgc-2-1-1\"  class=\"panel-grid-cell\" ><div id=\"panel-2-1-1-0\" class=\"so-panel widget widget_sow-editor panel-first-child panel-last-child\" data-index=\"3\" ><div\n\t\t\t\n\t\t\tclass=\"so-widget-sow-editor so-widget-sow-editor-base\"\n\t\t\t\n\t\t><h3 class=\"widget-title\"> \u00c0 PROPOS DE NOUS<\/h3>\n<div class=\"siteorigin-widget-tinymce textwidget\">\n\t<p dir=\"ltr\">Cr\u00e9\u00e9 en 1992, le Centre for European Volunteering (CEV) (qui jusqu'au 1er juillet 2020 \u00e9tait connu sous le nom de European Volunteer Centre) est le r\u00e9seau europ\u00e9en de plus de 60 organisations d\u00e9di\u00e9es \u00e0 la promotion et au soutien des volontaires et du volontariat en Europe, que ce soit au niveau r\u00e9gional, national, ou europ\u00e9en.<\/p>\n<p dir=\"ltr\">Gr\u00e2ce \u00e0 notre r\u00e9seau, nous avons pour objectif d\u2019\u00eatre la principale voix dans le d\u00e9bat sur le volontariat de valeurs en Europe, en influen\u00e7ant et en partageant les tendances et les d\u00e9fis du pr\u00e9sent mais aussi de l'avenir, en d\u00e9veloppant et en conseillant les politiciens europ\u00e9ens afin que les politiques de volontariat et les programmes d\u00e9velopp\u00e9s au niveau europ\u00e9en soit efficaces et adapt\u00e9s \u00e0 leur objectif. Les membres du r\u00e9seau sont \u00e9galement soutenus pour poursuivre leurs propres objectifs au niveau national\/r\u00e9gional et europ\u00e9en par la protection et le soutien d'un espace de soci\u00e9t\u00e9 civile libre et propice, en plaidant pour un soutien financier europ\u00e9en appropri\u00e9 et en \u00e9laborant des d\u00e9clarations politiques de soutien sur les probl\u00e8mes de volontariat, au niveau europ\u00e9en. De cette mani\u00e8re, nous soutenons les milliers de volontaires et d'organisations de volontaires en Europe pour apporter une dimension europ\u00e9enne \u00e0 leur travail.<\/p>\n<p dir=\"ltr\">Le CEV transmet les priorit\u00e9s et pr\u00e9occupations collectives de ses organisations membres aux institutions de l'Union Europ\u00e9enne et du Conseil de l'Europe. Avec d'autres parties prenantes, nous \u00e9changeons des politiques, des pratiques et des informations afin d'assurer un suivi efficace et coh\u00e9rent de l'Ann\u00e9e Europ\u00e9enne du Volontariat 2011 et d'assurer son h\u00e9ritage gr\u00e2ce \u00e0 la mise en \u0153uvre de l'agenda politique pour le volontariat en Europe (PAVE) et le suivi \"Helping hands \u2013 Hope for Europe \u00bb.<\/p>\n<p dir=\"ltr\">La vision du CEV est une Europe dans laquelle les volontaires jouent un r\u00f4le central dans la construction d'une soci\u00e9t\u00e9 coh\u00e9sive, durable et inclusive bas\u00e9e sur la solidarit\u00e9 et la citoyennet\u00e9 active.<\/p>\n<\/div>\n<\/div><\/div><\/div><\/div><\/div>","protected":false},"excerpt":{"rendered":"<p>CEV Avenue des Art 7\/8 1020 Brussels, Belgium http:\/\/www.cev.be kristijan.gjorgjieski@cev.be TUTOR Kristijan Gjorgjieski kristijan.gjorgjieski@cev.be The Centre for European Volunteering (CEV) (until 1 July 2020 known as the European Volunteer Centre), established in 1992, is the European network of over 60 organisations dedicated to the promotion of, and support to, volunteers and volunteering in Europe at &#8230; <a title=\"Organisation\" class=\"read-more\" href=\"https:\/\/dyvo.eu\/cev\/\" aria-label=\"Read more about Organisation\">Read more<\/a><\/p>\n","protected":false},"author":1,"featured_media":0,"parent":0,"menu_order":0,"comment_status":"closed","ping_status":"open","template":"","meta":{"footnotes":""},"class_list":["post-2","page","type-page","status-publish"],"yoast_head":"<!-- This site is optimized with the Yoast SEO plugin v27.4 - https:\/\/yoast.com\/product\/yoast-seo-wordpress\/ -->\n<title>Organisation - CEV<\/title>\n<meta name=\"robots\" content=\"index, follow, max-snippet:-1, max-image-preview:large, max-video-preview:-1\" \/>\n<link rel=\"canonical\" href=\"https:\/\/dyvo.eu\/cev\/\" \/>\n<meta property=\"og:locale\" content=\"en_GB\" \/>\n<meta property=\"og:type\" content=\"article\" \/>\n<meta property=\"og:title\" content=\"Organisation - CEV\" \/>\n<meta property=\"og:description\" content=\"CEV Avenue des Art 7\/8 1020 Brussels, Belgium http:\/\/www.cev.be kristijan.gjorgjieski@cev.be TUTOR Kristijan Gjorgjieski kristijan.gjorgjieski@cev.be The Centre for European Volunteering (CEV) (until 1 July 2020 known as the European Volunteer Centre), established in 1992, is the European network of over 60 organisations dedicated to the promotion of, and support to, volunteers and volunteering in Europe at ... Read more\" \/>\n<meta property=\"og:url\" content=\"https:\/\/dyvo.eu\/cev\/\" \/>\n<meta property=\"og:site_name\" content=\"CEV\" \/>\n<meta property=\"article:modified_time\" content=\"2022-08-02T11:48:58+00:00\" \/>\n<meta property=\"og:image\" content=\"https:\/\/dyvo.eu\/organisation-template-de\/wp-content\/uploads\/sites\/30\/map-pin-point.png\" \/>\n<meta name=\"twitter:card\" content=\"summary_large_image\" \/>\n<meta name=\"twitter:label1\" content=\"Estimated reading time\" \/>\n\t<meta name=\"twitter:data1\" content=\"3 minutes\" \/>\n<script type=\"application\/ld+json\" class=\"yoast-schema-graph\">{\"@context\":\"https:\\\/\\\/schema.org\",\"@graph\":[{\"@type\":\"WebPage\",\"@id\":\"https:\\\/\\\/dyvo.eu\\\/cev\\\/\",\"url\":\"https:\\\/\\\/dyvo.eu\\\/cev\\\/\",\"name\":\"Organisation - CEV\",\"isPartOf\":{\"@id\":\"https:\\\/\\\/dyvo.eu\\\/cev\\\/#website\"},\"primaryImageOfPage\":{\"@id\":\"https:\\\/\\\/dyvo.eu\\\/cev\\\/#primaryimage\"},\"image\":{\"@id\":\"https:\\\/\\\/dyvo.eu\\\/cev\\\/#primaryimage\"},\"thumbnailUrl\":\"https:\\\/\\\/dyvo.eu\\\/organisation-template-de\\\/wp-content\\\/uploads\\\/sites\\\/30\\\/map-pin-point.png\",\"datePublished\":\"2021-10-30T17:03:33+00:00\",\"dateModified\":\"2022-08-02T11:48:58+00:00\",\"breadcrumb\":{\"@id\":\"https:\\\/\\\/dyvo.eu\\\/cev\\\/#breadcrumb\"},\"inLanguage\":\"en-GB\",\"potentialAction\":[{\"@type\":\"ReadAction\",\"target\":[\"https:\\\/\\\/dyvo.eu\\\/cev\\\/\"]}]},{\"@type\":\"ImageObject\",\"inLanguage\":\"en-GB\",\"@id\":\"https:\\\/\\\/dyvo.eu\\\/cev\\\/#primaryimage\",\"url\":\"https:\\\/\\\/dyvo.eu\\\/organisation-template-de\\\/wp-content\\\/uploads\\\/sites\\\/30\\\/map-pin-point.png\",\"contentUrl\":\"https:\\\/\\\/dyvo.eu\\\/organisation-template-de\\\/wp-content\\\/uploads\\\/sites\\\/30\\\/map-pin-point.png\"},{\"@type\":\"BreadcrumbList\",\"@id\":\"https:\\\/\\\/dyvo.eu\\\/cev\\\/#breadcrumb\",\"itemListElement\":[{\"@type\":\"ListItem\",\"position\":1,\"name\":\"Home\",\"item\":\"https:\\\/\\\/dyvo.eu\\\/cev\\\/\"},{\"@type\":\"ListItem\",\"position\":2,\"name\":\"Organisation\"}]},{\"@type\":\"WebSite\",\"@id\":\"https:\\\/\\\/dyvo.eu\\\/cev\\\/#website\",\"url\":\"https:\\\/\\\/dyvo.eu\\\/cev\\\/\",\"name\":\"CEV\",\"description\":\"Belgium | Belgique\",\"publisher\":{\"@id\":\"https:\\\/\\\/dyvo.eu\\\/cev\\\/#organization\"},\"potentialAction\":[{\"@type\":\"SearchAction\",\"target\":{\"@type\":\"EntryPoint\",\"urlTemplate\":\"https:\\\/\\\/dyvo.eu\\\/cev\\\/?s={search_term_string}\"},\"query-input\":{\"@type\":\"PropertyValueSpecification\",\"valueRequired\":true,\"valueName\":\"search_term_string\"}}],\"inLanguage\":\"en-GB\"},{\"@type\":\"Organization\",\"@id\":\"https:\\\/\\\/dyvo.eu\\\/cev\\\/#organization\",\"name\":\"CEV\",\"url\":\"https:\\\/\\\/dyvo.eu\\\/cev\\\/\",\"logo\":{\"@type\":\"ImageObject\",\"inLanguage\":\"en-GB\",\"@id\":\"https:\\\/\\\/dyvo.eu\\\/cev\\\/#\\\/schema\\\/logo\\\/image\\\/\",\"url\":\"https:\\\/\\\/dyvo.eu\\\/cev\\\/wp-content\\\/uploads\\\/sites\\\/30\\\/cev-logo.png\",\"contentUrl\":\"https:\\\/\\\/dyvo.eu\\\/cev\\\/wp-content\\\/uploads\\\/sites\\\/30\\\/cev-logo.png\",\"width\":236,\"height\":236,\"caption\":\"CEV\"},\"image\":{\"@id\":\"https:\\\/\\\/dyvo.eu\\\/cev\\\/#\\\/schema\\\/logo\\\/image\\\/\"}}]}<\/script>\n<!-- \/ Yoast SEO plugin. -->","yoast_head_json":{"title":"Organisation - CEV","robots":{"index":"index","follow":"follow","max-snippet":"max-snippet:-1","max-image-preview":"max-image-preview:large","max-video-preview":"max-video-preview:-1"},"canonical":"https:\/\/dyvo.eu\/cev\/","og_locale":"en_GB","og_type":"article","og_title":"Organisation - CEV","og_description":"CEV Avenue des Art 7\/8 1020 Brussels, Belgium http:\/\/www.cev.be kristijan.gjorgjieski@cev.be TUTOR Kristijan Gjorgjieski kristijan.gjorgjieski@cev.be The Centre for European Volunteering (CEV) (until 1 July 2020 known as the European Volunteer Centre), established in 1992, is the European network of over 60 organisations dedicated to the promotion of, and support to, volunteers and volunteering in Europe at ... Read more","og_url":"https:\/\/dyvo.eu\/cev\/","og_site_name":"CEV","article_modified_time":"2022-08-02T11:48:58+00:00","og_image":[{"url":"https:\/\/dyvo.eu\/organisation-template-de\/wp-content\/uploads\/sites\/30\/map-pin-point.png","type":"","width":"","height":""}],"twitter_card":"summary_large_image","twitter_misc":{"Estimated reading time":"3 minutes"},"schema":{"@context":"https:\/\/schema.org","@graph":[{"@type":"WebPage","@id":"https:\/\/dyvo.eu\/cev\/","url":"https:\/\/dyvo.eu\/cev\/","name":"Organisation - CEV","isPartOf":{"@id":"https:\/\/dyvo.eu\/cev\/#website"},"primaryImageOfPage":{"@id":"https:\/\/dyvo.eu\/cev\/#primaryimage"},"image":{"@id":"https:\/\/dyvo.eu\/cev\/#primaryimage"},"thumbnailUrl":"https:\/\/dyvo.eu\/organisation-template-de\/wp-content\/uploads\/sites\/30\/map-pin-point.png","datePublished":"2021-10-30T17:03:33+00:00","dateModified":"2022-08-02T11:48:58+00:00","breadcrumb":{"@id":"https:\/\/dyvo.eu\/cev\/#breadcrumb"},"inLanguage":"en-GB","potentialAction":[{"@type":"ReadAction","target":["https:\/\/dyvo.eu\/cev\/"]}]},{"@type":"ImageObject","inLanguage":"en-GB","@id":"https:\/\/dyvo.eu\/cev\/#primaryimage","url":"https:\/\/dyvo.eu\/organisation-template-de\/wp-content\/uploads\/sites\/30\/map-pin-point.png","contentUrl":"https:\/\/dyvo.eu\/organisation-template-de\/wp-content\/uploads\/sites\/30\/map-pin-point.png"},{"@type":"BreadcrumbList","@id":"https:\/\/dyvo.eu\/cev\/#breadcrumb","itemListElement":[{"@type":"ListItem","position":1,"name":"Home","item":"https:\/\/dyvo.eu\/cev\/"},{"@type":"ListItem","position":2,"name":"Organisation"}]},{"@type":"WebSite","@id":"https:\/\/dyvo.eu\/cev\/#website","url":"https:\/\/dyvo.eu\/cev\/","name":"CEV","description":"Belgium | Belgique","publisher":{"@id":"https:\/\/dyvo.eu\/cev\/#organization"},"potentialAction":[{"@type":"SearchAction","target":{"@type":"EntryPoint","urlTemplate":"https:\/\/dyvo.eu\/cev\/?s={search_term_string}"},"query-input":{"@type":"PropertyValueSpecification","valueRequired":true,"valueName":"search_term_string"}}],"inLanguage":"en-GB"},{"@type":"Organization","@id":"https:\/\/dyvo.eu\/cev\/#organization","name":"CEV","url":"https:\/\/dyvo.eu\/cev\/","logo":{"@type":"ImageObject","inLanguage":"en-GB","@id":"https:\/\/dyvo.eu\/cev\/#\/schema\/logo\/image\/","url":"https:\/\/dyvo.eu\/cev\/wp-content\/uploads\/sites\/30\/cev-logo.png","contentUrl":"https:\/\/dyvo.eu\/cev\/wp-content\/uploads\/sites\/30\/cev-logo.png","width":236,"height":236,"caption":"CEV"},"image":{"@id":"https:\/\/dyvo.eu\/cev\/#\/schema\/logo\/image\/"}}]}},"_links":{"self":[{"href":"https:\/\/dyvo.eu\/cev\/wp-json\/wp\/v2\/pages\/2","targetHints":{"allow":["GET"]}}],"collection":[{"href":"https:\/\/dyvo.eu\/cev\/wp-json\/wp\/v2\/pages"}],"about":[{"href":"https:\/\/dyvo.eu\/cev\/wp-json\/wp\/v2\/types\/page"}],"author":[{"embeddable":true,"href":"https:\/\/dyvo.eu\/cev\/wp-json\/wp\/v2\/users\/1"}],"replies":[{"embeddable":true,"href":"https:\/\/dyvo.eu\/cev\/wp-json\/wp\/v2\/comments?post=2"}],"version-history":[{"count":5,"href":"https:\/\/dyvo.eu\/cev\/wp-json\/wp\/v2\/pages\/2\/revisions"}],"predecessor-version":[{"id":578,"href":"https:\/\/dyvo.eu\/cev\/wp-json\/wp\/v2\/pages\/2\/revisions\/578"}],"wp:attachment":[{"href":"https:\/\/dyvo.eu\/cev\/wp-json\/wp\/v2\/media?parent=2"}],"curies":[{"name":"wp","href":"https:\/\/api.w.org\/{rel}","templated":true}]}}