{"id":2,"date":"2021-10-30T18:03:33","date_gmt":"2021-10-30T17:03:33","guid":{"rendered":"https:\/\/dyvo.eu\/tutor-template-01\/?page_id=2"},"modified":"2022-07-01T10:46:02","modified_gmt":"2022-07-01T08:46:02","slug":"sample-page","status":"publish","type":"page","link":"https:\/\/dyvo.eu\/enter\/","title":{"rendered":"Organisation"},"content":{"rendered":"<div id=\"pl-2\"  class=\"panel-layout\" ><div id=\"pg-2-0\"  class=\"panel-grid panel-has-style\" ><div class=\"section-header panel-row-style panel-row-style-for-2-0\" ><div id=\"pgc-2-0-0\"  class=\"panel-grid-cell\" ><div id=\"panel-2-0-0-0\" class=\"so-panel widget widget_sow-editor panel-first-child panel-last-child\" data-index=\"0\" ><div\n\t\t\t\n\t\t\tclass=\"so-widget-sow-editor so-widget-sow-editor-base\"\n\t\t\t\n\t\t>\n<div class=\"siteorigin-widget-tinymce textwidget\">\n\t<p><img loading=\"lazy\" decoding=\"async\" class=\"alignnone\" src=\"https:\/\/dyvo.eu\/organisation-template-de\/wp-content\/uploads\/sites\/6\/map-pin-point.png\" alt=\"\" width=\"43\" height=\"57\" \/><br \/>\nENTER GmbH<br \/>\nGeidorfplatz 2<br \/>\n8010 Graz, Austria<\/p>\n<p><img loading=\"lazy\" decoding=\"async\" class=\"wp-image-335 alignnone\" src=\"https:\/\/dyvo.eu\/organisation-template-de\/wp-content\/uploads\/sites\/6\/call-logs.png\" alt=\"\" width=\"44\" height=\"50\" \/><br \/>\n<a href=\"https:\/\/www.enter-network.eu\/\" target=\"_blank\" rel=\"noopener\">www.enter-network.eu<\/a><br \/>\n<a href=\"mailto:office@enter-network.eu\">office@enter-network.eu<\/a><br \/>\n+43 316 329005<\/p>\n<\/div>\n<\/div><\/div><\/div><div id=\"pgc-2-0-1\"  class=\"panel-grid-cell\" ><div id=\"panel-2-0-1-0\" class=\"so-panel widget widget_sow-editor panel-first-child panel-last-child\" data-index=\"1\" ><div\n\t\t\t\n\t\t\tclass=\"so-widget-sow-editor so-widget-sow-editor-base\"\n\t\t\t\n\t\t>\n<div class=\"siteorigin-widget-tinymce textwidget\">\n\t<p><img loading=\"lazy\" decoding=\"async\" class=\"wp-image-336 alignnone\" src=\"https:\/\/dyvo.eu\/organisation-template-de\/wp-content\/uploads\/sites\/6\/group-chat.png\" alt=\"\" width=\"91\" height=\"70\" \/><br \/>\n<strong>TUTOR<br \/>\n<\/strong>Stephi Maier<br \/>\n<a href=\"mailto:stephi.maier@enter-network.eu\">stephi.maier@enter-network.eu<\/a><\/p>\n<\/div>\n<\/div><\/div><\/div><\/div><\/div><div id=\"pg-2-1\"  class=\"panel-grid panel-no-style\" ><div id=\"pgc-2-1-0\"  class=\"panel-grid-cell\" ><div id=\"panel-2-1-0-0\" class=\"so-panel widget widget_sow-editor panel-first-child panel-last-child\" data-index=\"2\" ><div\n\t\t\t\n\t\t\tclass=\"so-widget-sow-editor so-widget-sow-editor-base\"\n\t\t\t\n\t\t><h3 class=\"widget-title\">ABOUT US<\/h3>\n<div class=\"siteorigin-widget-tinymce textwidget\">\n\t<div class=\"siteorigin-widget-tinymce textwidget\">ENTER is a specialist in EU project work and has been active in this field for many years. All our projects have an educational background which means that, together with our international partner organisations, we help create innovative learning materials, solutions and tools for a varitety of learners. We work on a European level and focus on sharing and promoting our project results to national and international participants, stakeholders, and policy makers.<\/div>\n<\/div>\n<\/div><\/div><\/div><div id=\"pgc-2-1-1\"  class=\"panel-grid-cell\" ><div id=\"panel-2-1-1-0\" class=\"so-panel widget widget_sow-editor panel-first-child panel-last-child\" data-index=\"3\" ><div\n\t\t\t\n\t\t\tclass=\"so-widget-sow-editor so-widget-sow-editor-base\"\n\t\t\t\n\t\t><h3 class=\"widget-title\">\u00dcBER UNS<\/h3>\n<div class=\"siteorigin-widget-tinymce textwidget\">\n\t<div class=\"siteorigin-widget-tinymce textwidget\">\n<p>ENTER ist ein Spezialist f\u00fcr EU-Projektarbeit und seit vielen Jahren in diesem Bereich t\u00e4tig. Alle unsere Projekte haben einen Bildungshintergrund, was bedeutet, dass wir zusammen mit unseren internationalen Partnerorganisationen dazu beitragen, innovative Lernmaterialien, L\u00f6sungen und Lernwerkzeuge f\u00fcr eine Vielzahl von Lernenden zu entwickeln. Wir arbeiten auf europ\u00e4ischer Ebene und konzentrieren uns darauf, unsere Projektergebnisse mit nationalen und internationalen Teilnehmern, Interessengruppen und politischen Entscheidungstr\u00e4gern zu teilen und zu f\u00f6rdern.<\/p>\n<\/div>\n<\/div>\n<\/div><\/div><\/div><\/div><\/div>","protected":false},"excerpt":{"rendered":"<p>ENTER GmbH Geidorfplatz 2 8010 Graz, Austria www.enter-network.eu office@enter-network.eu +43 316 329005 TUTOR Stephi Maier stephi.maier@enter-network.eu ENTER is a specialist in EU project work and has been active in this field for many years. All our projects have an educational background which means that, together with our international partner organisations, we help create innovative learning &#8230; <a title=\"Organisation\" class=\"read-more\" href=\"https:\/\/dyvo.eu\/enter\/\" aria-label=\"Read more about Organisation\">Read more<\/a><\/p>\n","protected":false},"author":1,"featured_media":0,"parent":0,"menu_order":0,"comment_status":"closed","ping_status":"open","template":"","meta":{"footnotes":""},"class_list":["post-2","page","type-page","status-publish"],"yoast_head":"<!-- This site is optimized with the Yoast SEO plugin v27.4 - https:\/\/yoast.com\/product\/yoast-seo-wordpress\/ -->\n<title>Organisation - ENTER GmbH<\/title>\n<meta name=\"robots\" content=\"index, follow, max-snippet:-1, max-image-preview:large, max-video-preview:-1\" \/>\n<link rel=\"canonical\" href=\"https:\/\/dyvo.eu\/enter\/\" \/>\n<meta property=\"og:locale\" content=\"en_GB\" \/>\n<meta property=\"og:type\" content=\"article\" \/>\n<meta property=\"og:title\" content=\"Organisation - ENTER GmbH\" \/>\n<meta property=\"og:description\" content=\"ENTER GmbH Geidorfplatz 2 8010 Graz, Austria www.enter-network.eu office@enter-network.eu +43 316 329005 TUTOR Stephi Maier stephi.maier@enter-network.eu ENTER is a specialist in EU project work and has been active in this field for many years. All our projects have an educational background which means that, together with our international partner organisations, we help create innovative learning ... Read more\" \/>\n<meta property=\"og:url\" content=\"https:\/\/dyvo.eu\/enter\/\" \/>\n<meta property=\"og:site_name\" content=\"ENTER GmbH\" \/>\n<meta property=\"article:modified_time\" content=\"2022-07-01T08:46:02+00:00\" \/>\n<meta property=\"og:image\" content=\"https:\/\/dyvo.eu\/organisation-template-de\/wp-content\/uploads\/sites\/6\/map-pin-point.png\" \/>\n<meta name=\"twitter:card\" content=\"summary_large_image\" \/>\n<meta name=\"twitter:label1\" content=\"Estimated reading time\" \/>\n\t<meta name=\"twitter:data1\" content=\"1 minute\" \/>\n<script type=\"application\/ld+json\" class=\"yoast-schema-graph\">{\"@context\":\"https:\\\/\\\/schema.org\",\"@graph\":[{\"@type\":\"WebPage\",\"@id\":\"https:\\\/\\\/dyvo.eu\\\/enter\\\/\",\"url\":\"https:\\\/\\\/dyvo.eu\\\/enter\\\/\",\"name\":\"Organisation - ENTER GmbH\",\"isPartOf\":{\"@id\":\"https:\\\/\\\/dyvo.eu\\\/enter\\\/#website\"},\"primaryImageOfPage\":{\"@id\":\"https:\\\/\\\/dyvo.eu\\\/enter\\\/#primaryimage\"},\"image\":{\"@id\":\"https:\\\/\\\/dyvo.eu\\\/enter\\\/#primaryimage\"},\"thumbnailUrl\":\"https:\\\/\\\/dyvo.eu\\\/organisation-template-de\\\/wp-content\\\/uploads\\\/sites\\\/6\\\/map-pin-point.png\",\"datePublished\":\"2021-10-30T17:03:33+00:00\",\"dateModified\":\"2022-07-01T08:46:02+00:00\",\"breadcrumb\":{\"@id\":\"https:\\\/\\\/dyvo.eu\\\/enter\\\/#breadcrumb\"},\"inLanguage\":\"en-GB\",\"potentialAction\":[{\"@type\":\"ReadAction\",\"target\":[\"https:\\\/\\\/dyvo.eu\\\/enter\\\/\"]}]},{\"@type\":\"ImageObject\",\"inLanguage\":\"en-GB\",\"@id\":\"https:\\\/\\\/dyvo.eu\\\/enter\\\/#primaryimage\",\"url\":\"https:\\\/\\\/dyvo.eu\\\/organisation-template-de\\\/wp-content\\\/uploads\\\/sites\\\/6\\\/map-pin-point.png\",\"contentUrl\":\"https:\\\/\\\/dyvo.eu\\\/organisation-template-de\\\/wp-content\\\/uploads\\\/sites\\\/6\\\/map-pin-point.png\"},{\"@type\":\"BreadcrumbList\",\"@id\":\"https:\\\/\\\/dyvo.eu\\\/enter\\\/#breadcrumb\",\"itemListElement\":[{\"@type\":\"ListItem\",\"position\":1,\"name\":\"Home\",\"item\":\"https:\\\/\\\/dyvo.eu\\\/enter\\\/\"},{\"@type\":\"ListItem\",\"position\":2,\"name\":\"Organisation\"}]},{\"@type\":\"WebSite\",\"@id\":\"https:\\\/\\\/dyvo.eu\\\/enter\\\/#website\",\"url\":\"https:\\\/\\\/dyvo.eu\\\/enter\\\/\",\"name\":\"ENTER GmbH\",\"description\":\"Austria | \u00d6sterreich\",\"publisher\":{\"@id\":\"https:\\\/\\\/dyvo.eu\\\/enter\\\/#organization\"},\"potentialAction\":[{\"@type\":\"SearchAction\",\"target\":{\"@type\":\"EntryPoint\",\"urlTemplate\":\"https:\\\/\\\/dyvo.eu\\\/enter\\\/?s={search_term_string}\"},\"query-input\":{\"@type\":\"PropertyValueSpecification\",\"valueRequired\":true,\"valueName\":\"search_term_string\"}}],\"inLanguage\":\"en-GB\"},{\"@type\":\"Organization\",\"@id\":\"https:\\\/\\\/dyvo.eu\\\/enter\\\/#organization\",\"name\":\"ENTER GmbH\",\"url\":\"https:\\\/\\\/dyvo.eu\\\/enter\\\/\",\"logo\":{\"@type\":\"ImageObject\",\"inLanguage\":\"en-GB\",\"@id\":\"https:\\\/\\\/dyvo.eu\\\/enter\\\/#\\\/schema\\\/logo\\\/image\\\/\",\"url\":\"https:\\\/\\\/dyvo.eu\\\/enter\\\/wp-content\\\/uploads\\\/sites\\\/26\\\/ENTER_logo_blackfont_RGB_900x195.png\",\"contentUrl\":\"https:\\\/\\\/dyvo.eu\\\/enter\\\/wp-content\\\/uploads\\\/sites\\\/26\\\/ENTER_logo_blackfont_RGB_900x195.png\",\"width\":3751,\"height\":814,\"caption\":\"ENTER GmbH\"},\"image\":{\"@id\":\"https:\\\/\\\/dyvo.eu\\\/enter\\\/#\\\/schema\\\/logo\\\/image\\\/\"}}]}<\/script>\n<!-- \/ Yoast SEO plugin. -->","yoast_head_json":{"title":"Organisation - ENTER GmbH","robots":{"index":"index","follow":"follow","max-snippet":"max-snippet:-1","max-image-preview":"max-image-preview:large","max-video-preview":"max-video-preview:-1"},"canonical":"https:\/\/dyvo.eu\/enter\/","og_locale":"en_GB","og_type":"article","og_title":"Organisation - ENTER GmbH","og_description":"ENTER GmbH Geidorfplatz 2 8010 Graz, Austria www.enter-network.eu office@enter-network.eu +43 316 329005 TUTOR Stephi Maier stephi.maier@enter-network.eu ENTER is a specialist in EU project work and has been active in this field for many years. All our projects have an educational background which means that, together with our international partner organisations, we help create innovative learning ... Read more","og_url":"https:\/\/dyvo.eu\/enter\/","og_site_name":"ENTER GmbH","article_modified_time":"2022-07-01T08:46:02+00:00","og_image":[{"url":"https:\/\/dyvo.eu\/organisation-template-de\/wp-content\/uploads\/sites\/6\/map-pin-point.png","type":"","width":"","height":""}],"twitter_card":"summary_large_image","twitter_misc":{"Estimated reading time":"1 minute"},"schema":{"@context":"https:\/\/schema.org","@graph":[{"@type":"WebPage","@id":"https:\/\/dyvo.eu\/enter\/","url":"https:\/\/dyvo.eu\/enter\/","name":"Organisation - ENTER GmbH","isPartOf":{"@id":"https:\/\/dyvo.eu\/enter\/#website"},"primaryImageOfPage":{"@id":"https:\/\/dyvo.eu\/enter\/#primaryimage"},"image":{"@id":"https:\/\/dyvo.eu\/enter\/#primaryimage"},"thumbnailUrl":"https:\/\/dyvo.eu\/organisation-template-de\/wp-content\/uploads\/sites\/6\/map-pin-point.png","datePublished":"2021-10-30T17:03:33+00:00","dateModified":"2022-07-01T08:46:02+00:00","breadcrumb":{"@id":"https:\/\/dyvo.eu\/enter\/#breadcrumb"},"inLanguage":"en-GB","potentialAction":[{"@type":"ReadAction","target":["https:\/\/dyvo.eu\/enter\/"]}]},{"@type":"ImageObject","inLanguage":"en-GB","@id":"https:\/\/dyvo.eu\/enter\/#primaryimage","url":"https:\/\/dyvo.eu\/organisation-template-de\/wp-content\/uploads\/sites\/6\/map-pin-point.png","contentUrl":"https:\/\/dyvo.eu\/organisation-template-de\/wp-content\/uploads\/sites\/6\/map-pin-point.png"},{"@type":"BreadcrumbList","@id":"https:\/\/dyvo.eu\/enter\/#breadcrumb","itemListElement":[{"@type":"ListItem","position":1,"name":"Home","item":"https:\/\/dyvo.eu\/enter\/"},{"@type":"ListItem","position":2,"name":"Organisation"}]},{"@type":"WebSite","@id":"https:\/\/dyvo.eu\/enter\/#website","url":"https:\/\/dyvo.eu\/enter\/","name":"ENTER GmbH","description":"Austria | \u00d6sterreich","publisher":{"@id":"https:\/\/dyvo.eu\/enter\/#organization"},"potentialAction":[{"@type":"SearchAction","target":{"@type":"EntryPoint","urlTemplate":"https:\/\/dyvo.eu\/enter\/?s={search_term_string}"},"query-input":{"@type":"PropertyValueSpecification","valueRequired":true,"valueName":"search_term_string"}}],"inLanguage":"en-GB"},{"@type":"Organization","@id":"https:\/\/dyvo.eu\/enter\/#organization","name":"ENTER GmbH","url":"https:\/\/dyvo.eu\/enter\/","logo":{"@type":"ImageObject","inLanguage":"en-GB","@id":"https:\/\/dyvo.eu\/enter\/#\/schema\/logo\/image\/","url":"https:\/\/dyvo.eu\/enter\/wp-content\/uploads\/sites\/26\/ENTER_logo_blackfont_RGB_900x195.png","contentUrl":"https:\/\/dyvo.eu\/enter\/wp-content\/uploads\/sites\/26\/ENTER_logo_blackfont_RGB_900x195.png","width":3751,"height":814,"caption":"ENTER GmbH"},"image":{"@id":"https:\/\/dyvo.eu\/enter\/#\/schema\/logo\/image\/"}}]}},"_links":{"self":[{"href":"https:\/\/dyvo.eu\/enter\/wp-json\/wp\/v2\/pages\/2","targetHints":{"allow":["GET"]}}],"collection":[{"href":"https:\/\/dyvo.eu\/enter\/wp-json\/wp\/v2\/pages"}],"about":[{"href":"https:\/\/dyvo.eu\/enter\/wp-json\/wp\/v2\/types\/page"}],"author":[{"embeddable":true,"href":"https:\/\/dyvo.eu\/enter\/wp-json\/wp\/v2\/users\/1"}],"replies":[{"embeddable":true,"href":"https:\/\/dyvo.eu\/enter\/wp-json\/wp\/v2\/comments?post=2"}],"version-history":[{"count":9,"href":"https:\/\/dyvo.eu\/enter\/wp-json\/wp\/v2\/pages\/2\/revisions"}],"predecessor-version":[{"id":520,"href":"https:\/\/dyvo.eu\/enter\/wp-json\/wp\/v2\/pages\/2\/revisions\/520"}],"wp:attachment":[{"href":"https:\/\/dyvo.eu\/enter\/wp-json\/wp\/v2\/media?parent=2"}],"curies":[{"name":"wp","href":"https:\/\/api.w.org\/{rel}","templated":true}]}}