{"id":2,"date":"2021-10-30T18:03:33","date_gmt":"2021-10-30T17:03:33","guid":{"rendered":"https:\/\/dyvo.eu\/tutor-template-01\/?page_id=2"},"modified":"2022-03-24T18:13:26","modified_gmt":"2022-03-24T17:13:26","slug":"sample-page","status":"publish","type":"page","link":"https:\/\/dyvo.eu\/weichenstellwerk-graz\/","title":{"rendered":"Organisation"},"content":{"rendered":"<div id=\"pl-2\"  class=\"panel-layout\" ><div id=\"pg-2-0\"  class=\"panel-grid panel-has-style\" ><div class=\"section-header panel-row-style panel-row-style-for-2-0\" ><div id=\"pgc-2-0-0\"  class=\"panel-grid-cell\" ><div id=\"panel-2-0-0-0\" class=\"so-panel widget widget_sow-editor panel-first-child panel-last-child\" data-index=\"0\" ><div\n\t\t\t\n\t\t\tclass=\"so-widget-sow-editor so-widget-sow-editor-base\"\n\t\t\t\n\t\t>\n<div class=\"siteorigin-widget-tinymce textwidget\">\n\t<p><img loading=\"lazy\" decoding=\"async\" class=\"alignnone\" src=\"https:\/\/dyvo.eu\/organisation-template-de\/wp-content\/uploads\/sites\/6\/map-pin-point.png\" alt=\"\" width=\"43\" height=\"57\" \/><br \/>\nWeichenstellwerk Graz<br \/>\nSteyrergasse 14<br \/>\n8010 Graz, Austria<\/p>\n<p><img loading=\"lazy\" decoding=\"async\" class=\"wp-image-335 alignnone\" src=\"https:\/\/dyvo.eu\/organisation-template-de\/wp-content\/uploads\/sites\/6\/call-logs.png\" alt=\"\" width=\"44\" height=\"50\" \/><a href=\"mailto:office@auxilium.co.at\"><br \/>\n<\/a><a href=\"https:\/\/sicherlebengraz.at\/weichenstellwerk\/\" target=\"_blank\" rel=\"noopener\">https:\/\/sicherlebengraz.at\/weichenstellwerk\/<\/a><br \/>\n<a href=\"mailto:office@weichenstellwerk.at\">office@weichenstellwerk.at<\/a><\/p>\n<\/div>\n<\/div><\/div><\/div><div id=\"pgc-2-0-1\"  class=\"panel-grid-cell\" ><div id=\"panel-2-0-1-0\" class=\"so-panel widget widget_sow-editor panel-first-child panel-last-child\" data-index=\"1\" ><div\n\t\t\t\n\t\t\tclass=\"so-widget-sow-editor so-widget-sow-editor-base\"\n\t\t\t\n\t\t>\n<div class=\"siteorigin-widget-tinymce textwidget\">\n\t<p><img loading=\"lazy\" decoding=\"async\" class=\"wp-image-336 alignnone\" src=\"https:\/\/dyvo.eu\/organisation-template-de\/wp-content\/uploads\/sites\/6\/group-chat.png\" alt=\"\" width=\"91\" height=\"70\" \/><br \/>\n<strong>TUTOR<br \/>\n<\/strong>Christina Hochfellner<br \/>\nhochfellner@weichenstellwerk.at<\/p>\n<\/div>\n<\/div><\/div><\/div><\/div><\/div><div id=\"pg-2-1\"  class=\"panel-grid panel-no-style\" ><div id=\"pgc-2-1-0\"  class=\"panel-grid-cell\" ><div id=\"panel-2-1-0-0\" class=\"so-panel widget widget_sow-editor panel-first-child panel-last-child\" data-index=\"2\" ><div\n\t\t\t\n\t\t\tclass=\"so-widget-sow-editor so-widget-sow-editor-base\"\n\t\t\t\n\t\t><h3 class=\"widget-title\">ABOUT US<\/h3>\n<div class=\"siteorigin-widget-tinymce textwidget\">\n\t<p>Weichenstellwerk emerged from the \"Volksgartendrehscheibe\" project, which was initiated in 2014 after a citizen participation process for more safety in the Volksgarten and in which volunteers taught asylum seekers German in the Kreuzkirche. A sitting circle soon turned into a regular school - since July 2016, the project has therefore been continued as a language school in the depot of Holding Graz. More than 25 volunteers teach German to asylum seekers with different levels (language levels 0 to B1), which include information about living together in Austria. In addition, police officers teach the students about their rights, duties and the system of offices and authorities in Austria. A native Afghan and a native Syrian also work with them - they act as interpreters, role models and valuable supporters. Weichenstellwerk Graz is a project of the organisation SICHER LEBEN, which is funded by the city of Graz.<\/p>\n<\/div>\n<\/div><\/div><\/div><div id=\"pgc-2-1-1\"  class=\"panel-grid-cell\" ><div id=\"panel-2-1-1-0\" class=\"so-panel widget widget_sow-editor panel-first-child panel-last-child\" data-index=\"3\" ><div\n\t\t\t\n\t\t\tclass=\"so-widget-sow-editor so-widget-sow-editor-base\"\n\t\t\t\n\t\t><h3 class=\"widget-title\">\u00dcBER UNS<\/h3>\n<div class=\"siteorigin-widget-tinymce textwidget\">\n\t<p>Das Weichenstellwerk ging aus dem Projekt \"Volksgartendrehscheibe\", das im Jahr 2014 nach einem B\u00fcrgerbeteiligungsprozess f\u00fcr mehr Sicherheit im Volksgarten initiiert wurde und bei dem Freiwillige AsylwerberInnen in der Kreuzkirche Deutschkenntnisse vermittelten, hervor. Aus einem Sitzkreis wurde bald ein regelrechter Schulbetrieb - seit Juli 2016 wird Projekt daher als Sprach- und Lebensschule in R\u00e4umlichkeiten der Holding Graz weitergef\u00fchrt. Mehr als 25 Ehrenamtliche geben hier AsylwerberInnen mit unterschiedlichen Deutschkenntnissen (Sprachniveau 0 bis B1) Sprachunterricht. Zus\u00e4tzlich vermitteln Polizisten den Sch\u00fclerinnen Wissen \u00fcber Rechte, Pflichten und das \u00c4mter- und Beh\u00f6rdensystem in \u00d6sterreich. Ein geb\u00fcrtiger Afghane und ein geb\u00fcrtige Syrerin arbeiten ebenfalls mit - sie fungieren als Dolmetscher, Vorbilder und wertvolle Unterst\u00fctzer. Betrieben bzw. unterst\u00fctzt wird das Weichenstellwerk vom Verein Sicher Leben und der Stadt Graz.<\/p>\n<\/div>\n<\/div><\/div><\/div><\/div><\/div>","protected":false},"excerpt":{"rendered":"<p>Weichenstellwerk Graz Steyrergasse 14 8010 Graz, Austria https:\/\/sicherlebengraz.at\/weichenstellwerk\/ office@weichenstellwerk.at TUTOR Christina Hochfellner hochfellner@weichenstellwerk.at Weichenstellwerk emerged from the &#8220;Volksgartendrehscheibe&#8221; project, which was initiated in 2014 after a citizen participation process for more safety in the Volksgarten and in which volunteers taught asylum seekers German in the Kreuzkirche. A sitting circle soon turned into a regular school &#8230; <a title=\"Organisation\" class=\"read-more\" href=\"https:\/\/dyvo.eu\/weichenstellwerk-graz\/\" aria-label=\"Read more about Organisation\">Read more<\/a><\/p>\n","protected":false},"author":1,"featured_media":0,"parent":0,"menu_order":0,"comment_status":"closed","ping_status":"open","template":"","meta":{"footnotes":""},"class_list":["post-2","page","type-page","status-publish"],"_links":{"self":[{"href":"https:\/\/dyvo.eu\/weichenstellwerk-graz\/wp-json\/wp\/v2\/pages\/2","targetHints":{"allow":["GET"]}}],"collection":[{"href":"https:\/\/dyvo.eu\/weichenstellwerk-graz\/wp-json\/wp\/v2\/pages"}],"about":[{"href":"https:\/\/dyvo.eu\/weichenstellwerk-graz\/wp-json\/wp\/v2\/types\/page"}],"author":[{"embeddable":true,"href":"https:\/\/dyvo.eu\/weichenstellwerk-graz\/wp-json\/wp\/v2\/users\/1"}],"replies":[{"embeddable":true,"href":"https:\/\/dyvo.eu\/weichenstellwerk-graz\/wp-json\/wp\/v2\/comments?post=2"}],"version-history":[{"count":4,"href":"https:\/\/dyvo.eu\/weichenstellwerk-graz\/wp-json\/wp\/v2\/pages\/2\/revisions"}],"predecessor-version":[{"id":504,"href":"https:\/\/dyvo.eu\/weichenstellwerk-graz\/wp-json\/wp\/v2\/pages\/2\/revisions\/504"}],"wp:attachment":[{"href":"https:\/\/dyvo.eu\/weichenstellwerk-graz\/wp-json\/wp\/v2\/media?parent=2"}],"curies":[{"name":"wp","href":"https:\/\/api.w.org\/{rel}","templated":true}]}}